{"id":813,"date":"2014-11-15T12:31:58","date_gmt":"2014-11-15T18:31:58","guid":{"rendered":"http:\/\/draugas.org\/news\/?page_id=813"},"modified":"2026-03-28T09:35:07","modified_gmt":"2026-03-28T15:35:07","slug":"about-us","status":"publish","type":"page","link":"https:\/\/www.draugas.org\/news\/about-us\/","title":{"rendered":"About Us"},"content":{"rendered":"<p><strong>ABOUT \u201cDRAUGAS NEWS\u201d and \u201cLITHUANIAN HERITAGE\u201d<\/strong><\/p>\n<p><a href=\"http:\/\/www\/draugas.org\/\">\u201c<u>DRAUGAS<\/u>\u201d<\/a> (\u201cFriend\u201d) is a Lithuanian newspaper\u00a0published in the United States since July 12, 1909. It is the oldest continuously published Lithuanian newspaper anywhere in the world. For a brief history of the paper as of 2009, please see this article by research librarian Danguole Kviklys published in <i>Lituanus<\/i>, which has been reprinted with permission on the draugas.org website <a href = \"http:\/\/www.draugas.org\/draugas-the-lithuanian-world-wide-daily-newspaper-1909-2009-a-brief-historical-overview\/\"><u>at this link<\/u><\/a>.<\/p>\n<p>In 2013, the publishers of \u201cDRAUGAS\u201d decided that an English-language newspaper with similar goals was needed, and with the help of several foundations and individual sponsors, \u201cDRAUGAS NEWS\u201d, a monthly, was launched in November of 2013.<\/p>\n<p>In Fall of 2014, the previous publisher of \u201cLITHUANIAN HERITAGE\u201d, a bimonthly magazine focusing on Lithuanian culture, arts, travel, and history, transferred this publication over to the Lithuanian Catholic Press Society.\u00a0Since November of 2014, the Society is publishing \u201cLITHUANIAN HERITAGE\u201d every 2 months, structured as a cultural supplement to \u201cDRAUGAS NEWS\u201d.<\/p>\n<p><strong>Publisher<\/strong> &#8211; Lithuanian Catholic Press Society in Chicago, IL (Vytas Stanevi\u010dius, President).<\/p>\n<p><strong>Editor- in-Chief<\/strong> &#8211; Vida Kupryt\u0117.<br \/>\n<strong>Editor, Lithuanian Heritage<\/strong>\u00a0 &#8211; Jonas Daugirdas<\/p>\n<p><strong>Copy Editor, DRAUGAS NEWS<\/strong> &#8211; Kazys O\u017eelis<br \/>\n<strong>Graphic Design, Layout, DRAUGAS NEWS<\/strong> &#8211; Jonas Kuprys<\/p>\n<p><strong>Administration, finances<\/strong> &#8211; Silvija Krumplien\u0117<br \/>\n<strong>Administration, advertising<\/strong> &#8211; Rita Ra\u0161ymien\u0117<br \/>\n<strong>Marketing, advertising<\/strong> &#8211; Audron\u0117 Ki\u017eyt\u0117<\/p>\n<p><strong>Address<\/strong><\/p>\n<p>DRAUGAS NEWS<br \/>\n2345 W 56 St.<br \/>\nChicago, Illinois 60636-1040, USA.<br \/>\nTel. 773-585-9500; fax 773-585-8284<\/p>\n<p>&nbsp;<\/p>\n<p>DRAUGAS NEWS Editors\u2019 office: <a href=\"mailto:draugasnews@gmail.com\"><u>draugasnews@gmail.com<\/u><\/a><\/p>\n<p>LITHUANIAN HERITAGE Editors\u2019 office: <a href=\"mailto:draugolaikrastis@gmail.com\"><u>draugolaikrastis@gmail.com<\/u><\/a><\/p>\n<p>Administration: <a href=\"rastine@draugas.org\"><u>rastine@draugas.org<\/u><\/a><br \/>\nAdvertising, subscriptions: <a href=\"skelbimai@draugas.org\"><u>skelbimai@draugas.org<\/u><\/a><br \/>\nInquiries about new ads: <a href=\"mailto:audreykizys@gmail.com\"><u>audreykizys@gmail.com<\/u><\/a><\/p>\n","protected":false},"excerpt":{"rendered":"<p>ABOUT \u201cDRAUGAS NEWS\u201d and \u201cLITHUANIAN HERITAGE\u201d \u201cDRAUGAS\u201d (\u201cFriend\u201d) is a Lithuanian newspaper\u00a0published in the United States since July 12, 1909. It is the oldest continuously published Lithuanian newspaper anywhere in the world. For a brief history of the paper as of 2009, please see this article by research librarian Danguole Kviklys published in Lituanus, which &hellip;<\/p>\n","protected":false},"author":3,"featured_media":0,"parent":0,"menu_order":0,"comment_status":"closed","ping_status":"closed","template":"","meta":{"footnotes":""},"class_list":["post-813","page","type-page","status-publish",""],"_links":{"self":[{"href":"https:\/\/www.draugas.org\/news\/wp-json\/wp\/v2\/pages\/813","targetHints":{"allow":["GET"]}}],"collection":[{"href":"https:\/\/www.draugas.org\/news\/wp-json\/wp\/v2\/pages"}],"about":[{"href":"https:\/\/www.draugas.org\/news\/wp-json\/wp\/v2\/types\/page"}],"author":[{"embeddable":true,"href":"https:\/\/www.draugas.org\/news\/wp-json\/wp\/v2\/users\/3"}],"replies":[{"embeddable":true,"href":"https:\/\/www.draugas.org\/news\/wp-json\/wp\/v2\/comments?post=813"}],"version-history":[{"count":1,"href":"https:\/\/www.draugas.org\/news\/wp-json\/wp\/v2\/pages\/813\/revisions"}],"predecessor-version":[{"id":8027,"href":"https:\/\/www.draugas.org\/news\/wp-json\/wp\/v2\/pages\/813\/revisions\/8027"}],"wp:attachment":[{"href":"https:\/\/www.draugas.org\/news\/wp-json\/wp\/v2\/media?parent=813"}],"curies":[{"name":"wp","href":"https:\/\/api.w.org\/{rel}","templated":true}]}}